{"id":99,"date":"2019-02-10T13:43:28","date_gmt":"2019-02-10T13:43:28","guid":{"rendered":"https:\/\/politglott.eu\/?page_id=99"},"modified":"2026-01-19T10:23:10","modified_gmt":"2026-01-19T10:23:10","slug":"kirsten-sahm","status":"publish","type":"page","link":"https:\/\/politglott.eu\/?page_id=99","title":{"rendered":"Kirsten Sahm"},"content":{"rendered":"\n<p>Kirsten Sahm ist freie\nMitarbeiterin bei politglott.<\/p>\n\n\n\n<p>Kirsten Sahm studierte Romanistik und Germanistik an der\nRheinischen Friedrich-Wilhelms-Universit\u00e4t Bonn. Nach ihrem Abschluss als\nBachelor of Arts absolvierte sie als Stipendiatin des DAAD ein Auslandsstudium\nan der Universit\u00e9 Sorbonne Nouvelle (Paris III) im Bereich der\ndeutsch-franz\u00f6sischen Kulturbeziehungen, welches sie mit dem Grad der\nfranz\u00f6sischen Licence abschloss. Anschlie\u00dfend studierte sie im Zwei-Fach\nMasterstudiengang Romanistik und Germanistik an der Universit\u00e4t zu K\u00f6ln.<\/p>\n\n\n\n<p>W\u00e4hrend ihres Studiums arbeitete sie als studentische\nMitarbeiterin am Zentrum f\u00fcr Europ\u00e4ische Integrationsforschung (ZEI) der\nUniversit\u00e4t Bonn sowie bei der Bundeszentrale f\u00fcr politische Bildung in Bonn.\nEin Gastaufenthalt f\u00fchrte sie zudem ans Institut fran\u00e7ais des relations\ninternationales (Ifri) in Paris.<\/p>\n\n\n\n<p>Als ehemalige Tutorin der franz\u00f6sischen Literaturwissenschaft verf\u00fcgt sie \u00fcber Lehrerfahrung in den Bereichen der deutsch-franz\u00f6sischen Beziehungen und der franz\u00f6sischen Literatur- und Kulturwissenschaft. Zur Zeit ist sie als Wissenschaftliche Mitarbeiterin bei der Zentralstelle f\u00fcr die Weiterbildung im Handwerk (ZWH e.V.) in D\u00fcsseldorf t\u00e4tig.<\/p>\n\n\n\n<p>Sie erreichen Kirsten Sahm unter sahm[at]politglott[dot]eu. <\/p>\n","protected":false},"excerpt":{"rendered":"<p>Kirsten Sahm ist freie Mitarbeiterin bei politglott. Kirsten Sahm studierte Romanistik und Germanistik an der Rheinischen Friedrich-Wilhelms-Universit\u00e4t Bonn. Nach ihrem Abschluss als Bachelor of Arts absolvierte sie als Stipendiatin des DAAD ein Auslandsstudium an der Universit\u00e9 Sorbonne Nouvelle (Paris III) im Bereich der deutsch-franz\u00f6sischen Kulturbeziehungen, welches sie mit dem Grad der franz\u00f6sischen Licence abschloss. Anschlie\u00dfend [&hellip;]<\/p>\n","protected":false},"author":1,"featured_media":291,"parent":0,"menu_order":0,"comment_status":"closed","ping_status":"closed","template":"","meta":{"footnotes":""},"class_list":["post-99","page","type-page","status-publish","has-post-thumbnail","hentry"],"_links":{"self":[{"href":"https:\/\/politglott.eu\/index.php?rest_route=\/wp\/v2\/pages\/99","targetHints":{"allow":["GET"]}}],"collection":[{"href":"https:\/\/politglott.eu\/index.php?rest_route=\/wp\/v2\/pages"}],"about":[{"href":"https:\/\/politglott.eu\/index.php?rest_route=\/wp\/v2\/types\/page"}],"author":[{"embeddable":true,"href":"https:\/\/politglott.eu\/index.php?rest_route=\/wp\/v2\/users\/1"}],"replies":[{"embeddable":true,"href":"https:\/\/politglott.eu\/index.php?rest_route=%2Fwp%2Fv2%2Fcomments&post=99"}],"version-history":[{"count":1,"href":"https:\/\/politglott.eu\/index.php?rest_route=\/wp\/v2\/pages\/99\/revisions"}],"predecessor-version":[{"id":101,"href":"https:\/\/politglott.eu\/index.php?rest_route=\/wp\/v2\/pages\/99\/revisions\/101"}],"wp:featuredmedia":[{"embeddable":true,"href":"https:\/\/politglott.eu\/index.php?rest_route=\/wp\/v2\/media\/291"}],"wp:attachment":[{"href":"https:\/\/politglott.eu\/index.php?rest_route=%2Fwp%2Fv2%2Fmedia&parent=99"}],"curies":[{"name":"wp","href":"https:\/\/api.w.org\/{rel}","templated":true}]}}