{"id":160,"date":"2021-03-31T16:20:20","date_gmt":"2021-03-31T16:20:20","guid":{"rendered":"https:\/\/politglott.eu\/?page_id=160"},"modified":"2026-01-20T08:55:18","modified_gmt":"2026-01-20T08:55:18","slug":"johanna-drumann","status":"publish","type":"page","link":"https:\/\/politglott.eu\/?page_id=160","title":{"rendered":"Johanna Marie Merkle"},"content":{"rendered":"\n<p>Johanna Marie Merkle ist freie Mitarbeiterin bei politglott.<\/p>\n\n\n\n<p>Johanna Marie Merkle ist Absolventin des deutsch-niederl\u00e4ndischen Master-Programms \u201eComparative Public Governance\u201c und \u201eEuropean Studies\u201c an der Westf\u00e4lischen Wilhelms-Universit\u00e4t M\u00fcnster und der University of Twente. Zur Vertiefung bereits gewonnener Kenntnisse studierte sie f\u00fcr zwei Semester Politikwissenschaften an der Universit\u00e4t Bielefeld. Zuvor absolvierte sie als Stipendiatin des Deutschlandstipendiums im Studienfonds OWL den deutsch-franz\u00f6sischen Bachelorstudiengang \u201eEurop\u00e4ische Studien\u201c an der Universit\u00e4t Paderborn. Dieser Studiengang der Deutsch-Franz\u00f6sischen Hochschule f\u00fchrte sie ein Jahr an die Le Mans Universit\u00e9 in Frankreich.<\/p>\n\n\n\n<p>Au\u00dferuniversit\u00e4re Erfahrungen im internationalen Kontext sammelte sie w\u00e4hrend verschiedener Praktika in der Vertretung des Landes Nordrhein-Westfalen bei der Europ\u00e4ischen Union sowie im Br\u00fcsseler B\u00fcro eines Europaabgeordneten. Diese Erfahrungen werden aktuell durch ein Praktikum im Referat \u201eEurop\u00e4ische und regionale Netzwerke\u201c des Regionalverbands Ruhr erg\u00e4nzt.<\/p>\n\n\n\n<p>Johanna Marie Merkle erreichen Sie unter merkle[at]politglott.eu.<\/p>\n","protected":false},"excerpt":{"rendered":"<p>Johanna Marie Merkle ist freie Mitarbeiterin bei politglott. Johanna Marie Merkle ist Absolventin des deutsch-niederl\u00e4ndischen Master-Programms \u201eComparative Public Governance\u201c und \u201eEuropean Studies\u201c an der Westf\u00e4lischen Wilhelms-Universit\u00e4t M\u00fcnster und der University of Twente. Zur Vertiefung bereits gewonnener Kenntnisse studierte sie f\u00fcr zwei Semester Politikwissenschaften an der Universit\u00e4t Bielefeld. Zuvor absolvierte sie als Stipendiatin des Deutschlandstipendiums im [&hellip;]<\/p>\n","protected":false},"author":1,"featured_media":290,"parent":0,"menu_order":0,"comment_status":"closed","ping_status":"closed","template":"","meta":{"footnotes":""},"class_list":["post-160","page","type-page","status-publish","has-post-thumbnail","hentry"],"_links":{"self":[{"href":"https:\/\/politglott.eu\/index.php?rest_route=\/wp\/v2\/pages\/160","targetHints":{"allow":["GET"]}}],"collection":[{"href":"https:\/\/politglott.eu\/index.php?rest_route=\/wp\/v2\/pages"}],"about":[{"href":"https:\/\/politglott.eu\/index.php?rest_route=\/wp\/v2\/types\/page"}],"author":[{"embeddable":true,"href":"https:\/\/politglott.eu\/index.php?rest_route=\/wp\/v2\/users\/1"}],"replies":[{"embeddable":true,"href":"https:\/\/politglott.eu\/index.php?rest_route=%2Fwp%2Fv2%2Fcomments&post=160"}],"version-history":[{"count":5,"href":"https:\/\/politglott.eu\/index.php?rest_route=\/wp\/v2\/pages\/160\/revisions"}],"predecessor-version":[{"id":314,"href":"https:\/\/politglott.eu\/index.php?rest_route=\/wp\/v2\/pages\/160\/revisions\/314"}],"wp:featuredmedia":[{"embeddable":true,"href":"https:\/\/politglott.eu\/index.php?rest_route=\/wp\/v2\/media\/290"}],"wp:attachment":[{"href":"https:\/\/politglott.eu\/index.php?rest_route=%2Fwp%2Fv2%2Fmedia&parent=160"}],"curies":[{"name":"wp","href":"https:\/\/api.w.org\/{rel}","templated":true}]}}