{"id":137,"date":"2019-10-17T12:27:15","date_gmt":"2019-10-17T12:27:15","guid":{"rendered":"https:\/\/politglott.eu\/?page_id=137"},"modified":"2026-01-20T21:39:00","modified_gmt":"2026-01-20T21:39:00","slug":"katrin-sold","status":"publish","type":"page","link":"https:\/\/politglott.eu\/?page_id=137","title":{"rendered":"Dr. Katrin Sold"},"content":{"rendered":"\n<p>Katrin Sold ist freie Mitarbeiterin bei politglott.<\/p>\n\n\n\n<p>Sie ist promovierte Politikwissenschaftlerin und besch\u00e4ftigt sich mit<br>politischen und sozio-\u00f6konomischen Transformationsprozessen in Nordafrika.<br>Weitere Schwerpunkte ihrer Arbeit liegen in den Bereichen Arbeitsmarkt und<br>Besch\u00e4ftigung, Entrepreneurship sowie Digitalisierung im Kontext der<br>Entwicklungszusammenarbeit.<\/p>\n\n\n\n<p>Seit vielen Jahren f\u00fchrt sie Studien und Evaluationen f\u00fcr Auftraggeber<br>wie die Deutsche Gesellschaft f\u00fcr Internationale Zusammenarbeit (GIZ), das<br>Deutsch-Franz\u00f6sische Jugendwerk, das Bundesministerium f\u00fcr Bildung und<br>Forschung, die Europ\u00e4ische Kommission sowie verschiedene Stiftungen durch.<\/p>\n\n\n\n<p>Zuvor war Katrin Sold als wissenschaftliche Mitarbeiterin am Centrum f\u00fcr<br>Nah- und Mittelost-Studien (CNMS) der Philipps-Universit\u00e4t Marburg, am<br>BMBF-gef\u00f6rderten \u201eMerian Centre for Advanced Studies in the Maghreb\u201c<br>(MECAM) in Tunis, am Wissenschaftskolleg zu Berlin sowie bei der Deutschen<br>Gesellschaft f\u00fcr Ausw\u00e4rtige Politik (DGAP) im Bereich Politikberatung<br>t\u00e4tig.<\/p>\n\n\n\n<p>Sie ist Mitglied der Deutschen Arbeitsgemeinschaft Vorderer Orient (DAVO)<br>sowie der DeGEval \u2013 Gesellschaft f\u00fcr Evaluation.<\/p>\n\n\n\n<p>Katrin Sold erreichen Sie unter sold[at]politglott.eu.<\/p>\n","protected":false},"excerpt":{"rendered":"<p>Katrin Sold ist freie Mitarbeiterin bei politglott. Sie ist promovierte Politikwissenschaftlerin und besch\u00e4ftigt sich mitpolitischen und sozio-\u00f6konomischen Transformationsprozessen in Nordafrika.Weitere Schwerpunkte ihrer Arbeit liegen in den Bereichen Arbeitsmarkt undBesch\u00e4ftigung, Entrepreneurship sowie Digitalisierung im Kontext derEntwicklungszusammenarbeit. Seit vielen Jahren f\u00fchrt sie Studien und Evaluationen f\u00fcr Auftraggeberwie die Deutsche Gesellschaft f\u00fcr Internationale Zusammenarbeit (GIZ), dasDeutsch-Franz\u00f6sische Jugendwerk, das [&hellip;]<\/p>\n","protected":false},"author":1,"featured_media":0,"parent":0,"menu_order":0,"comment_status":"closed","ping_status":"closed","template":"","meta":{"footnotes":""},"class_list":["post-137","page","type-page","status-publish","hentry"],"_links":{"self":[{"href":"https:\/\/politglott.eu\/index.php?rest_route=\/wp\/v2\/pages\/137","targetHints":{"allow":["GET"]}}],"collection":[{"href":"https:\/\/politglott.eu\/index.php?rest_route=\/wp\/v2\/pages"}],"about":[{"href":"https:\/\/politglott.eu\/index.php?rest_route=\/wp\/v2\/types\/page"}],"author":[{"embeddable":true,"href":"https:\/\/politglott.eu\/index.php?rest_route=\/wp\/v2\/users\/1"}],"replies":[{"embeddable":true,"href":"https:\/\/politglott.eu\/index.php?rest_route=%2Fwp%2Fv2%2Fcomments&post=137"}],"version-history":[{"count":6,"href":"https:\/\/politglott.eu\/index.php?rest_route=\/wp\/v2\/pages\/137\/revisions"}],"predecessor-version":[{"id":327,"href":"https:\/\/politglott.eu\/index.php?rest_route=\/wp\/v2\/pages\/137\/revisions\/327"}],"wp:attachment":[{"href":"https:\/\/politglott.eu\/index.php?rest_route=%2Fwp%2Fv2%2Fmedia&parent=137"}],"curies":[{"name":"wp","href":"https:\/\/api.w.org\/{rel}","templated":true}]}}